{"id":799,"date":"2021-10-21T00:02:22","date_gmt":"2021-10-21T04:02:22","guid":{"rendered":"https:\/\/bshopperformance.com\/product\/ss360-pneus-hiver-pour-side-by-side\/"},"modified":"2023-01-19T07:42:06","modified_gmt":"2023-01-19T12:42:06","slug":"ss360-pneus-hiver-pour-side-by-side","status":"publish","type":"product","link":"https:\/\/bshopperformance.com\/fr\/product\/ss360-pneus-hiver-pour-side-by-side\/","title":{"rendered":"SS360 Pneus d&#8217;Hiver pour Side by Side"},"content":{"rendered":"<p>Le pneu d\u2019hiver ss360 se d\u00e9marque par sa carcasse \u00e0 2 plis et une semelle unique qui offre une traction exceptionnelle en toutes conditions hivernales.<\/p>\n<p>Sur la glace, il offre des performances sup\u00e9rieures \u00e0 tous les types de pneus 4 saisons, puisqu\u2019il est con\u00e7u avec une gomme plus molle qui favorise un maximum d\u2019adh\u00e9rence par temps tr\u00e8s froids. \u00a0 Les pneus \u00e0 crampons 4 saisons perdent de leur efficacit\u00e9 sous z\u00e9ro degr\u00e9s.<\/p>\n<p>Sur les sentiers dam\u00e9s ou sur une fine couche de neige, le SS360 sera non seulement sup\u00e9rieur \u00e0 tout autre mod\u00e8le, mais il transformera le comportement de votre v\u00e9hicule.\u00a0 Son design \u00e0 profile bas et crampons reli\u00e9s ensemble, emp\u00eache la neige de fuire de l&#8217;autre c\u00f4t\u00e9 du pneu, ce qui \u00e9vite les d\u00e9rapages incontr\u00f4lables et fr\u00e9quents qu&#8217;on conna\u00eet si bien avec les autres mod\u00e8les de pneus \u00e0 crampons s\u00e9par\u00e9s et distanc\u00e9s. Le SS360 vous procurera un comportement pr\u00e9visible, sportif, et surtout, performant.<\/p>\n<p>Sur une accumulation de neige tr\u00e8s \u00e9paisse, le SS360 agira comme une raquette et saura rester en surface, sans creuser et finalement immobiliser votre v\u00e9hicule.<\/p>\n<p>Le poids du SS360 n\u2019est que de 21 Lbs, ce qui est tr\u00e8s l\u00e9ger en comparaison aux mod\u00e8les \u00e0 crampons et, encore une fois, contribue \u00e0 une meilleur performance.<\/p>\n<!--themify_builder_content-->\n<div id=\"themify_builder_content-799\" data-postid=\"799\" class=\"themify_builder_content themify_builder_content-799 themify_builder tf_clear\">\n    <\/div>\n<!--\/themify_builder_content-->\n","protected":false},"excerpt":{"rendered":"<ul>\n<li>Carcasse 2 plis<\/li>\n<li>Design nervur\u00e9 profile bas (unique)<\/li>\n<li>Gomme molle pour les temp\u00e9ratures froides<\/li>\n<li>Adh\u00e9rence exceptionnelle sur glace et accumulation de neige<\/li>\n<li>Performance et contr\u00f4le accrue<\/li>\n<li>Pneus tr\u00e8s l\u00e9ger (21 lbs)<\/li>\n<\/ul>\n","protected":false},"featured_media":837,"comment_status":"closed","ping_status":"closed","template":"","meta":[],"product_cat":[73],"product_tag":[],"tiered_pricing_type":"fixed","tiered_pricing_fixed_rules":[],"_links":{"self":[{"href":"https:\/\/bshopperformance.com\/fr\/wp-json\/wp\/v2\/product\/799"}],"collection":[{"href":"https:\/\/bshopperformance.com\/fr\/wp-json\/wp\/v2\/product"}],"about":[{"href":"https:\/\/bshopperformance.com\/fr\/wp-json\/wp\/v2\/types\/product"}],"replies":[{"embeddable":true,"href":"https:\/\/bshopperformance.com\/fr\/wp-json\/wp\/v2\/comments?post=799"}],"wp:featuredmedia":[{"embeddable":true,"href":"https:\/\/bshopperformance.com\/fr\/wp-json\/wp\/v2\/media\/837"}],"wp:attachment":[{"href":"https:\/\/bshopperformance.com\/fr\/wp-json\/wp\/v2\/media?parent=799"}],"wp:term":[{"taxonomy":"product_cat","embeddable":true,"href":"https:\/\/bshopperformance.com\/fr\/wp-json\/wp\/v2\/product_cat?post=799"},{"taxonomy":"product_tag","embeddable":true,"href":"https:\/\/bshopperformance.com\/fr\/wp-json\/wp\/v2\/product_tag?post=799"}],"curies":[{"name":"wp","href":"https:\/\/api.w.org\/{rel}","templated":true}]}}