{"id":2862,"date":"2022-11-17T23:35:37","date_gmt":"2022-11-18T04:35:37","guid":{"rendered":"https:\/\/bshopperformance.com\/?post_type=product&#038;p=2862"},"modified":"2022-11-17T23:40:19","modified_gmt":"2022-11-18T04:40:19","slug":"turbine-sxx-13-16","status":"publish","type":"product","link":"https:\/\/bshopperformance.com\/fr\/product\/turbine-sxx-13-16\/","title":{"rendered":"Turbine sxx 13\/16"},"content":{"rendered":"<p>Turbine Solas 161mm 3 lames SXX-CD-13\/16 recommand\u00e9e pour seadoo r\u00e9gl\u00e9 260hp <\/p>\n<ul>\n<li>8&#8243; x 8&#8243; x 5&#8243;<\/li>\n<li>5 lbs<\/li>\n<\/ul>\n<!--themify_builder_content-->\n<div id=\"themify_builder_content-2862\" data-postid=\"2862\" class=\"themify_builder_content themify_builder_content-2862 themify_builder tf_clear\">\n    <\/div>\n<!--\/themify_builder_content-->\n","protected":false},"excerpt":{"rendered":"<p>Turbine Solas 161mm 3 lames SXX-CD-13\/16 recommand\u00e9e pour seadoo r\u00e9gl\u00e9 260hp<\/p>\n<ul>\n<li>8&#8243; x 8&#8243; x 5&#8243;<\/li>\n<li>5 lbs<\/li>\n<\/ul>\n","protected":false},"featured_media":2864,"comment_status":"open","ping_status":"closed","template":"","meta":[],"product_cat":[88],"product_tag":[],"tiered_pricing_type":"fixed","tiered_pricing_fixed_rules":[],"_links":{"self":[{"href":"https:\/\/bshopperformance.com\/fr\/wp-json\/wp\/v2\/product\/2862"}],"collection":[{"href":"https:\/\/bshopperformance.com\/fr\/wp-json\/wp\/v2\/product"}],"about":[{"href":"https:\/\/bshopperformance.com\/fr\/wp-json\/wp\/v2\/types\/product"}],"replies":[{"embeddable":true,"href":"https:\/\/bshopperformance.com\/fr\/wp-json\/wp\/v2\/comments?post=2862"}],"wp:featuredmedia":[{"embeddable":true,"href":"https:\/\/bshopperformance.com\/fr\/wp-json\/wp\/v2\/media\/2864"}],"wp:attachment":[{"href":"https:\/\/bshopperformance.com\/fr\/wp-json\/wp\/v2\/media?parent=2862"}],"wp:term":[{"taxonomy":"product_cat","embeddable":true,"href":"https:\/\/bshopperformance.com\/fr\/wp-json\/wp\/v2\/product_cat?post=2862"},{"taxonomy":"product_tag","embeddable":true,"href":"https:\/\/bshopperformance.com\/fr\/wp-json\/wp\/v2\/product_tag?post=2862"}],"curies":[{"name":"wp","href":"https:\/\/api.w.org\/{rel}","templated":true}]}}