{"id":2701,"date":"2022-06-04T16:03:48","date_gmt":"2022-06-04T20:03:48","guid":{"rendered":"https:\/\/bshopperformance.com\/product\/echangeur-de-chaleur-jusqua-300hp\/"},"modified":"2022-06-04T16:34:00","modified_gmt":"2022-06-04T20:34:00","slug":"echangeur-de-chaleur-jusqua-300hp","status":"publish","type":"product","link":"https:\/\/bshopperformance.com\/fr\/product\/echangeur-de-chaleur-jusqua-300hp\/","title":{"rendered":"\u00c9changeur de chaleur jusqu&#8217;\u00e0 300HP +"},"content":{"rendered":"<p>\u00c9changeur de chaleur jusqu&#8217;\u00e0 300HP et OVER<br \/>\nCet \u00e9changeur de chaleur a :<\/p>\n<p>Refroidissement par eau en 3 passes<br \/>\nPurgeur d&#8217;air pour glycol<br \/>\nEntr\u00e9e et sortie 1&#8243; pour glycol<br \/>\nEntr\u00e9e et sortie 3\/4&#8243; pour l&#8217;eau<br \/>\nLe circuit d&#8217;eau a des c\u00f4t\u00e9s amovibles pour un nettoyage facile sans aucune perte de glycol<\/p>\n<p>Cette pi\u00e8ce est un \u00e9changeur de chaleur de haute qualit\u00e9 qui peut fonctionner 300HP + \u00e0 plein r\u00e9gime toute la journ\u00e9e !<\/p>\n<p>Dimensions de la bo\u00eete : 10x10x24<br \/>\nPoids : 12 livres<\/p>\n<p>Cet \u00e9changeur de chaleur a :<\/p>\n<p>Refroidissement par eau en 3 passes<br \/>\nPurgeur d&#8217;air pour glycol<br \/>\nEntr\u00e9e et sortie 1&#8243; pour glycol<br \/>\nEntr\u00e9e et sortie 3\/4&#8243; pour l&#8217;eau<br \/>\nLe circuit d&#8217;eau a des c\u00f4t\u00e9s amovibles pour un nettoyage facile sans aucune perte de glycol<\/p>\n<p>Cette pi\u00e8ce est un \u00e9changeur de chaleur de haute qualit\u00e9 qui peut fonctionner 300HP + \u00e0 plein r\u00e9gime toute la journ\u00e9e !<\/p>\n<p>Dimensions de la bo\u00eete : 10x10x24<br \/>\nPoids : 12 livres<\/p>\n<!--themify_builder_content-->\n<div id=\"themify_builder_content-2701\" data-postid=\"2701\" class=\"themify_builder_content themify_builder_content-2701 themify_builder tf_clear\">\n    <\/div>\n<!--\/themify_builder_content-->\n","protected":false},"excerpt":{"rendered":"<p>\u00c9changeur de chaleur jusqu&#8217;\u00e0 300HP et OVER<br \/>\nCet \u00e9changeur de chaleur a :<\/p>\n<p>Refroidissement par eau en 3 passes<br \/>\nPurgeur d&#8217;air pour glycol<br \/>\nEntr\u00e9e et sortie 1&#8243; pour glycol<br \/>\nEntr\u00e9e et sortie 3\/4&#8243; pour l&#8217;eau<br \/>\nLe circuit d&#8217;eau a des c\u00f4t\u00e9s amovibles pour un nettoyage facile sans aucune perte de glycol<\/p>\n<p>Cette pi\u00e8ce est un \u00e9changeur de chaleur de haute qualit\u00e9 qui peut fonctionner 300HP + \u00e0 plein r\u00e9gime toute la journ\u00e9e !<\/p>\n<p>Dimensions de la bo\u00eete : 10x10x24<br \/>\nPoids : 12 livres<\/p>\n","protected":false},"featured_media":2698,"comment_status":"open","ping_status":"closed","template":"","meta":[],"product_cat":[88],"product_tag":[],"tiered_pricing_type":"fixed","tiered_pricing_fixed_rules":[],"_links":{"self":[{"href":"https:\/\/bshopperformance.com\/fr\/wp-json\/wp\/v2\/product\/2701"}],"collection":[{"href":"https:\/\/bshopperformance.com\/fr\/wp-json\/wp\/v2\/product"}],"about":[{"href":"https:\/\/bshopperformance.com\/fr\/wp-json\/wp\/v2\/types\/product"}],"replies":[{"embeddable":true,"href":"https:\/\/bshopperformance.com\/fr\/wp-json\/wp\/v2\/comments?post=2701"}],"wp:featuredmedia":[{"embeddable":true,"href":"https:\/\/bshopperformance.com\/fr\/wp-json\/wp\/v2\/media\/2698"}],"wp:attachment":[{"href":"https:\/\/bshopperformance.com\/fr\/wp-json\/wp\/v2\/media?parent=2701"}],"wp:term":[{"taxonomy":"product_cat","embeddable":true,"href":"https:\/\/bshopperformance.com\/fr\/wp-json\/wp\/v2\/product_cat?post=2701"},{"taxonomy":"product_tag","embeddable":true,"href":"https:\/\/bshopperformance.com\/fr\/wp-json\/wp\/v2\/product_tag?post=2701"}],"curies":[{"name":"wp","href":"https:\/\/api.w.org\/{rel}","templated":true}]}}