{"id":2126,"date":"2022-02-15T01:15:25","date_gmt":"2022-02-15T06:15:25","guid":{"rendered":"https:\/\/bshopperformance.com\/?page_id=2126"},"modified":"2022-02-21T23:16:23","modified_gmt":"2022-02-22T04:16:23","slug":"rivercross-jetboats","status":"publish","type":"page","link":"https:\/\/bshopperformance.com\/fr\/rivercross-jetboats\/","title":{"rendered":"Rivercross Jetboats by B-Shop Performance"},"content":{"rendered":"<!--themify_builder_content-->\n<div id=\"themify_builder_content-2126\" data-postid=\"2126\" class=\"themify_builder_content themify_builder_content-2126 themify_builder tf_clear\">\n    \t<!-- module_row -->\n\t<div  data-css_id=\"uoam28\" data-lazy=\"1\" class=\"module_row themify_builder_row repeat fullheight fullwidth tb_uoam28 tb_first tf_clearfix hide-mobile\" data-tbfullwidthvideo=\"https:\/\/bshopperformance.com\/wp-content\/uploads\/2021\/10\/B-Shop-Performance-On-Facebook-Watch-1_preview.m4v\" data-playonmobile=\"play\">\n\t    \t\t<div class=\"row_inner col_align_middle gutter-none col-count-3 tf_box tf_w tf_rel\">\n\t\t\t<div  data-lazy=\"1\" class=\"module_column tb-column col3-1 first tb_tu9i28 fullcover tf_box\">\n\t\t<div class=\"builder_row_cover tf_abs\"><\/div>\t    \t        <div class=\"tb-column-inner tf_box tf_w\">\n\t\t    <!-- module text -->\n<div  class=\"module module-text tb_fwh728  repeat  wow\" data-tf-animation=\"fadeInDownBig\" data-lazy=\"1\">\n        <div  class=\"tb_text_wrap\">\n    <h2><a href=\"https:\/\/bshopperformance.com\/fr\/rivercross-jetboats\/rivercross-r-140\/\">RIVERCROSS R-140<\/a><\/h2>\n<p>5 places haute performance!<\/p>\n    <\/div>\n<\/div>\n<!-- \/module text -->\t        <\/div>\n\t    \t<\/div>\n\t\t<div  data-lazy=\"1\" class=\"module_column tb-column col3-1 middle tb_p38u29 fullcover tf_box\">\n\t\t<div class=\"builder_row_cover tf_abs\"><\/div>\t    \t        <div class=\"tb-column-inner tf_box tf_w\">\n\t\t    <!-- module text -->\n<div  class=\"module module-text tb_zm4329  repeat  wow\" data-tf-animation=\"fadeInDownBig\" data-lazy=\"1\">\n        <div  class=\"tb_text_wrap\">\n    <h2><a href=\"https:\/\/bshopperformance.com\/fr\/rivercross-jetboats\/rivercross-r-110\/\">RIVERCROSS R-110<\/a><\/h2>\n<p>Notre classique 2 places<\/p>\n    <\/div>\n<\/div>\n<!-- \/module text -->\t        <\/div>\n\t    \t<\/div>\n\t\t<div  data-lazy=\"1\" class=\"module_column tb-column col3-1 last tb_0pl9970 repeat tf_box\">\n\t\t<div class=\"builder_row_cover tf_abs\"><\/div>\t    \t        <div class=\"tb-column-inner tf_box tf_w\">\n\t\t    <!-- module text -->\n<div  class=\"module module-text tb_2xzz971  repeat  wow\" data-tf-animation=\"fadeInDownBig\" data-lazy=\"1\">\n        <div  class=\"tb_text_wrap\">\n    <h2>B-Shop Experience<\/h2>\n<p>\u00c0 venir, inscrivez vous \u00e0 notre infolettre!<\/p>    <\/div>\n<\/div>\n<!-- \/module text --><!-- module buttons -->\n<div  class=\"module module-buttons tb_5vlm971 buttons-horizontal outline  circle\" data-lazy=\"1\">\n    \t<div class=\"module-buttons-item tf_inline_b\">\n\t\t\t\t\t\t\t<a href=\"#loop\" class=\"ui builder_button tb_default_color\" >\n\t\t\t\t\t\t\t\t\t\t\t<span class=\"tf_inline_b tf_vmiddle\">Inscrivez vous \u00e0 notre infolettre<\/span>\n\t\t\t\t\t\t\t\t\t\t\t<\/a>\n\t\t\t    \t<\/div>\n\t<\/div>\n<!-- \/module buttons -->\n\t        <\/div>\n\t    \t<\/div>\n\t\t    <\/div>\n\t    <!-- \/row_inner -->\n\t<\/div>\n\t<!-- \/module_row -->\n\t\t<!-- module_row -->\n\t<div  data-css_id=\"ktk3921\" data-lazy=\"1\" class=\"module_row themify_builder_row repeat fullheight fullwidth tb_ktk3921 tf_clearfix hide-desktop hide-tablet hide-tablet_landscape\" data-tbfullwidthvideo=\"https:\/\/bshopperformance.com\/wp-content\/uploads\/2022\/02\/IMG_0294.mov\" data-playonmobile=\"play\">\n\t    \t\t<div class=\"row_inner col_align_middle gutter-none col-count-3 tf_box tf_w tf_rel\">\n\t\t\t<div  data-lazy=\"1\" class=\"module_column tb-column col3-1 first tb_au2g921 fullcover tf_box\">\n\t\t<div class=\"builder_row_cover tf_abs\"><\/div>\t    \t        <div class=\"tb-column-inner tf_box tf_w\">\n\t\t    <!-- module text -->\n<div  class=\"module module-text tb_fj6k922  repeat  wow\" data-tf-animation=\"fadeInDownBig\" data-lazy=\"1\">\n        <div  class=\"tb_text_wrap\">\n    <h2><a href=\"https:\/\/bshopperformance.com\/fr\/rivercross-jetboats\/rivercross-r-140\/\">RIVERCROSS R-140<\/a><\/h2>\n<p>5 places haute performance!<\/p>\n    <\/div>\n<\/div>\n<!-- \/module text -->\t        <\/div>\n\t    \t<\/div>\n\t\t<div  data-lazy=\"1\" class=\"module_column tb-column col3-1 middle tb_ofpw922 fullcover tf_box\">\n\t\t<div class=\"builder_row_cover tf_abs\"><\/div>\t    \t        <div class=\"tb-column-inner tf_box tf_w\">\n\t\t    <!-- module text -->\n<div  class=\"module module-text tb_hsy0922  repeat  wow\" data-tf-animation=\"fadeInDownBig\" data-lazy=\"1\">\n        <div  class=\"tb_text_wrap\">\n    <h2><a href=\"https:\/\/bshopperformance.com\/fr\/rivercross-jetboats\/rivercross-r-110\/\">RIVERCROSS R-110<\/a><\/h2>\n<p>Notre classique 2 places<\/p>\n    <\/div>\n<\/div>\n<!-- \/module text -->\t        <\/div>\n\t    \t<\/div>\n\t\t<div  data-lazy=\"1\" class=\"module_column tb-column col3-1 last tb_p1po922 repeat tf_box\">\n\t\t<div class=\"builder_row_cover tf_abs\"><\/div>\t    \t        <div class=\"tb-column-inner tf_box tf_w\">\n\t\t    <!-- module text -->\n<div  class=\"module module-text tb_5kk5922  repeat  wow\" data-tf-animation=\"fadeInDownBig\" data-lazy=\"1\">\n        <div  class=\"tb_text_wrap\">\n    <h2>B-Shop Experience<\/h2>\n<p>\u00c0 venir, inscrivez vous \u00e0 notre infolettre!<\/p>    <\/div>\n<\/div>\n<!-- \/module text --><!-- module buttons -->\n<div  class=\"module module-buttons tb_s8b8923 buttons-horizontal outline  circle\" data-lazy=\"1\">\n    \t<div class=\"module-buttons-item tf_inline_b\">\n\t\t\t\t\t\t\t<a href=\"#loop\" class=\"ui builder_button tb_default_color\" >\n\t\t\t\t\t\t\t\t\t\t\t<span class=\"tf_inline_b tf_vmiddle\">Inscrivez vous \u00e0 notre infolettre<\/span>\n\t\t\t\t\t\t\t\t\t\t\t<\/a>\n\t\t\t    \t<\/div>\n\t<\/div>\n<!-- \/module buttons -->\n\t        <\/div>\n\t    \t<\/div>\n\t\t    <\/div>\n\t    <!-- \/row_inner -->\n\t<\/div>\n\t<!-- \/module_row -->\n\t\t<!-- module_row -->\n\t<div  data-anchor=\"loop\" data-lazy=\"1\" class=\"module_row themify_builder_row repeat tb_has_section tb_section-loop tb_hrv4697 tf_clearfix\" >\n\t    \t\t<div class=\"row_inner col_align_top col-count-1 tf_box tf_w tf_rel\">\n\t\t\t<div  data-lazy=\"1\" class=\"module_column tb-column col-full first tb_1qih698 tf_box\">\n\t\t\t    \t        <div class=\"tb-column-inner tf_box tf_w\">\n\t\t    <!-- module template_part -->\n<div  class=\"module module-layout-part tb_zan2699 \">\n    <div class=\"tb_layout_part_wrap tf_w\"><!--themify_builder_content-->\n    <div  class=\"themify_builder_content themify_builder_content-1179 themify_builder not_editable_builder in_the_loop\" data-postid=\"1179\">\n        \t<!-- module_row -->\n\t<div  data-lazy=\"1\" class=\"module_row themify_builder_row tb_nvaf164 tf_clearfix\">\n\t    \t\t<div class=\"row_inner col_align_top col-count-1 tf_box tf_w tf_rel\">\n\t\t\t<div  data-lazy=\"1\" class=\"module_column tb-column col-full first tb_5v3y164 tf_box\">\n\t\t\t    \t        <div class=\"tb-column-inner tf_box tf_w\">\n\t\t    <!-- module fancy heading -->\n<div  class=\"module module-fancy-heading tb_hpcr590  inline-fancy-heading\" data-lazy=\"1\">\n        <h3 class=\"fancy-heading tf_textc\">\n    <span class=\"main-head tf_inline_b\">\n\t\t\t\t\tRestez au courant!\t\t    <\/span>\n\n\t\n    <span class=\"sub-head tf_inline_b tf_rel\">\n\t\t\t\t\tAbonnez-vous \u00e0 notre infolettre\u00a0et soyez parmis les premiers \u00e0 d\u00e9couvrir nos innovations!\t\t    <\/span>\n    <\/h3>\n<\/div>\n<!-- \/module fancy heading -->\n<!-- module button pro -->\n<div  id=\"tb_q9j9541\" class=\"module module-button tb_q9j9541 button-link-modules_reveal \" data-lazy=\"1\">\n    \n    <a  class=\"ui builder_button transparent rounded modules-reveal\" href=\"#\" data-behavior=\"toggle\" data-label=\"Cliquez pour vous inscrires\" data-lesslabel=\"Cacher le formulaire\" data-hover=\"transparent\" data-remove=\"transparent\">\n\t\t<i><svg  aria-hidden=\"true\" class=\"tf_fa tf-fas-pen\"><use href=\"#tf-fas-pen\"><\/use><\/svg><\/i> \t\t<span>Cliquez pour vous inscrires<\/span>\n    <\/a>\n\n    \n    <\/div>\n<!-- \/module button pro -->\n\t<div  data-lazy=\"1\" class=\"module_subrow themify_builder_sub_row tb_4jj9842 tf_w tf_clearfix\">\n\t    \t\t<div class=\"subrow_inner col_align_middle col-count-2 tf_box tf_w\">\n\t\t\t<div  data-lazy=\"1\" class=\"sub_column module_column tf_box col2-1 first tb_z7r3843\"> \n\t    \t    \t        <div class=\"tb-column-inner tf_box tf_w\">\n\t\t    <!-- module fancy heading -->\n<div  class=\"module module-fancy-heading tb_v78q711 \" data-lazy=\"1\">\n        <h3 class=\"fancy-heading\">\n    <span class=\"main-head tf_block\">\n\t\t\t\t\tInscrivez-vous \u00e0 notre infolettre\t\t    <\/span>\n\n\t\n    <span class=\"sub-head tf_block tf_rel\">\n\t\t\t\t\tSoyez les premiers \u00e0 decouvrir nos nouvelles innovations, ainsi que nos performances sur eau ou sur terre! De plus, de temps \u00e0 autres nous publierons des concours et annonces sp\u00e9ciales juste pour vous! \t\t    <\/span>\n    <\/h3>\n<\/div>\n<!-- \/module fancy heading -->\n\t        <\/div>\n\t    \t<\/div>\n\t\t<div  data-lazy=\"1\" class=\"sub_column module_column tf_box col2-1 last tb_h8cg843\"> \n\t    \t    \t        <div class=\"tb-column-inner tf_box tf_w\">\n\t\t    <!-- module text -->\n<div  class=\"module module-text tb_27e4784   \" data-lazy=\"1\">\n        <div  class=\"tb_text_wrap\">\n        <\/div>\n<\/div>\n<!-- \/module text -->\t        <\/div>\n\t    \t<\/div>\n\t\t    <\/div>\n\t<\/div><!-- \/themify_builder_sub_row -->\n\t\t        <\/div>\n\t    \t<\/div>\n\t\t    <\/div>\n\t    <!-- \/row_inner -->\n\t<\/div>\n\t<!-- \/module_row -->\n\t    <\/div>\n<!--\/themify_builder_content--><\/div>\n<\/div>\n<!-- \/module template_part -->\n\t        <\/div>\n\t    \t<\/div>\n\t\t    <\/div>\n\t    <!-- \/row_inner -->\n\t<\/div>\n\t<!-- \/module_row -->\n\t<\/div>\n<!--\/themify_builder_content-->","protected":false},"excerpt":{"rendered":"<p>RIVERCROSS R-140 5 places haute performance! RIVERCROSS R-110 Notre classique 2 places B-Shop Experience \u00c0 venir, inscrivez vous \u00e0 notre infolettre! Inscrivez vous \u00e0 notre infolettre RIVERCROSS R-140 5 places haute performance! RIVERCROSS R-110 Notre classique 2 places B-Shop Experience \u00c0 venir, inscrivez vous \u00e0 notre infolettre! Inscrivez vous \u00e0 notre infolettre Restez au courant! [&hellip;]<\/p>\n","protected":false},"author":1,"featured_media":0,"parent":0,"menu_order":0,"comment_status":"closed","ping_status":"closed","template":"","meta":[],"_links":{"self":[{"href":"https:\/\/bshopperformance.com\/fr\/wp-json\/wp\/v2\/pages\/2126"}],"collection":[{"href":"https:\/\/bshopperformance.com\/fr\/wp-json\/wp\/v2\/pages"}],"about":[{"href":"https:\/\/bshopperformance.com\/fr\/wp-json\/wp\/v2\/types\/page"}],"author":[{"embeddable":true,"href":"https:\/\/bshopperformance.com\/fr\/wp-json\/wp\/v2\/users\/1"}],"replies":[{"embeddable":true,"href":"https:\/\/bshopperformance.com\/fr\/wp-json\/wp\/v2\/comments?post=2126"}],"version-history":[{"count":13,"href":"https:\/\/bshopperformance.com\/fr\/wp-json\/wp\/v2\/pages\/2126\/revisions"}],"predecessor-version":[{"id":2597,"href":"https:\/\/bshopperformance.com\/fr\/wp-json\/wp\/v2\/pages\/2126\/revisions\/2597"}],"wp:attachment":[{"href":"https:\/\/bshopperformance.com\/fr\/wp-json\/wp\/v2\/media?parent=2126"}],"curies":[{"name":"wp","href":"https:\/\/api.w.org\/{rel}","templated":true}]}}